{"id":2514,"date":"2025-09-21T13:00:58","date_gmt":"2025-09-21T16:00:58","guid":{"rendered":"https:\/\/morabeats.com\/?post_type=product&#038;p=2514"},"modified":"2025-11-08T03:36:57","modified_gmt":"2025-11-08T06:36:57","slug":"cyberia-serum-preset-bank","status":"publish","type":"product","link":"https:\/\/morabeats.com\/en\/product\/cyberia-serum-preset-bank\/","title":{"rendered":"CYBERIA Serum Preset Bank"},"content":{"rendered":"<p>@morabeats &#8211; CYBERIA Serum Preset Bank:<\/p>\n<p>Serum bank containing 55 unique presets to add to your library and elevate your productions.<\/p>\n<p>&nbsp;<\/p>\n<p>content:<br \/>\n7 808s<br \/>\n5 arps<br \/>\n6 basses<br \/>\n1 bell<br \/>\n4 keys<br \/>\n10 leads<br \/>\n7 pads<br \/>\n10 plucks<br \/>\n1 synth<br \/>\n4 vox<\/p>\n<p>&nbsp;<\/p>\n<p>all sounds synthesized, recorded, and\/or edited by @morabeats. no repeated sounds.<br \/>\nall sounds and oneshots tuned to C.<\/p>\n<p>follow me:<br \/>\nwww.morabeats.com<br \/>\n@morabeats on ig<br \/>\nwww.youtube.com\/@moramusic (tutorials)<br \/>\nwww.youtube.com\/@prodmora (beats)<\/p>\n<p>instructions for installing:<\/p>\n<p>paste noises (Folder \"@morabeats - vox\") here for vox presets, since these use sounds from my drumkit NEOMECHANICA.<br \/>\nE:\\Documents\\Xfer\\Serum Presets\\Noises (or wherever you have installed this serum folder)<\/p>\n<p>paste presets (Folder \"@morabeats - cyberia serum bank\") here<br \/>\nE:\\Documents\\Xfer\\Serum Presets\\Presets (or wherever you have installed this serum folder)<\/p>\n<p>You can paste the \"@morabeats - cyberia serum bank (oneshots)\" folder wherever you have the rest of your drumkits<\/p>\n<p>&nbsp;<\/p>\n<p>Video Preview:<\/p>\n<p><a href=\"https:\/\/drive.google.com\/file\/d\/1VteHJ02fGkx7Cy4JtmaVdTRWR7u6z24T\/view?usp=sharing\">https:\/\/drive.google.com\/file\/d\/1VteHJ02fGkx7Cy4JtmaVdTRWR7u6z24T\/view?usp=sharing<\/a><\/p>\n<p>Audio Preview:<\/p>\n<audio class=\"wp-audio-shortcode\" id=\"audio-2514-1\" preload=\"none\" style=\"width: 100%;\" controls=\"controls\"><source type=\"audio\/wav\" src=\"https:\/\/morabeats.com\/wp-content\/uploads\/2025\/09\/cyberia-serum-bank-full-preview-web.wav?_=1\" \/><a href=\"https:\/\/morabeats.com\/wp-content\/uploads\/2025\/09\/cyberia-serum-bank-full-preview-web.wav\">https:\/\/morabeats.com\/wp-content\/uploads\/2025\/09\/cyberia-serum-bank-full-preview-web.wav<\/a><\/audio>\n<p>&nbsp;<\/p>\n<p><a href=\"http:\/\/linktr.ee\/morabeats\">http:\/\/linktr.ee\/morabeats<\/a><\/p>\n<p>CYBERIA Serum Preset Bank<\/p>\n<p>All presets made with Xfer Serum's 1.368 version (October 2023 version). One shots  included so you can use them without the need for a Serum copy.<\/p>\n<p>DIGITAL PRODUCT, DELIVERED BY MAIL OR THROUGH A DOWNLOAD LINK. NO EXCHANGES OR REFUNDS.<\/p>","protected":false},"excerpt":{"rendered":"<p>Serum bank containing 55 unique presets to add to your library and elevate your productions.<\/p>","protected":false},"featured_media":2515,"template":"","meta":{"_crdt_document":"","_uag_custom_page_level_css":"","site-sidebar-layout":"default","site-content-layout":"","ast-site-content-layout":"default","site-content-style":"default","site-sidebar-style":"default","ast-global-header-display":"","ast-banner-title-visibility":"","ast-main-header-display":"","ast-hfb-above-header-display":"","ast-hfb-below-header-display":"","ast-hfb-mobile-header-display":"","site-post-title":"","ast-breadcrumbs-content":"","ast-featured-img":"","footer-sml-layout":"","theme-transparent-header-meta":"default","adv-header-id-meta":"","stick-header-meta":"","header-above-stick-meta":"","header-main-stick-meta":"","header-below-stick-meta":"","astra-migrate-meta-layouts":"set","ast-page-background-enabled":"default","ast-page-background-meta":{"desktop":{"background-color":"","background-image":"","background-repeat":"repeat","background-position":"center center","background-size":"auto","background-attachment":"scroll","background-type":"","background-media":"","overlay-type":"","overlay-color":"","overlay-opacity":"","overlay-gradient":""},"tablet":{"background-color":"","background-image":"","background-repeat":"repeat","background-position":"center center","background-size":"auto","background-attachment":"scroll","background-type":"","background-media":"","overlay-type":"","overlay-color":"","overlay-opacity":"","overlay-gradient":""},"mobile":{"background-color":"","background-image":"","background-repeat":"repeat","background-position":"center center","background-size":"auto","background-attachment":"scroll","background-type":"","background-media":"","overlay-type":"","overlay-color":"","overlay-opacity":"","overlay-gradient":""}},"ast-content-background-meta":{"desktop":{"background-color":"var(--ast-global-color-5)","background-image":"","background-repeat":"repeat","background-position":"center center","background-size":"auto","background-attachment":"scroll","background-type":"","background-media":"","overlay-type":"","overlay-color":"","overlay-opacity":"","overlay-gradient":""},"tablet":{"background-color":"var(--ast-global-color-5)","background-image":"","background-repeat":"repeat","background-position":"center center","background-size":"auto","background-attachment":"scroll","background-type":"","background-media":"","overlay-type":"","overlay-color":"","overlay-opacity":"","overlay-gradient":""},"mobile":{"background-color":"var(--ast-global-color-5)","background-image":"","background-repeat":"repeat","background-position":"center center","background-size":"auto","background-attachment":"scroll","background-type":"","background-media":"","overlay-type":"","overlay-color":"","overlay-opacity":"","overlay-gradient":""}}},"product_brand":[],"product_cat":[21],"product_tag":[1048,1047,1035,54,1055,1050,1052,1038,1031,1037,385,588,590,587,1044,1049,1051,53,1039,1045,594,147,60,221,1053,1054,589,595,596,1046,1034,695,186,591,710,1033,1040,1032,593,592,1036,1042,381,239,1043,1041,58,711],"class_list":{"0":"post-2514","1":"product","2":"type-product","3":"status-publish","4":"has-post-thumbnail","6":"product_cat-drumkits","7":"product_tag-808s","8":"product_tag-arps","9":"product_tag-bank","10":"product_tag-bladee","11":"product_tag-botanica","12":"product_tag-como-hacer","13":"product_tag-como-hacer-serum-bank","14":"product_tag-core","15":"product_tag-cyberia","16":"product_tag-cyberia-serum-preset-bank","17":"product_tag-digicore","18":"product_tag-drum-kit","19":"product_tag-drum-pack","20":"product_tag-drumkit","21":"product_tag-fl-studio","22":"product_tag-how-to","23":"product_tag-how-to-serum-bank","24":"product_tag-hyperpop","25":"product_tag-kit","26":"product_tag-leads","27":"product_tag-libreria-de-sonidos","28":"product_tag-mechatok","29":"product_tag-mora","30":"product_tag-morabeats","31":"product_tag-morabeats-cyberia","32":"product_tag-morabeats-cyberia-serum-bank","33":"product_tag-neomechanica","34":"product_tag-neomechanica-drum-kit","35":"product_tag-neomechanica-drumkit","36":"product_tag-plucks","37":"product_tag-preset","38":"product_tag-prod-mora","39":"product_tag-ripsquad","40":"product_tag-sample-pack","41":"product_tag-scenecore","42":"product_tag-serum","43":"product_tag-serum-2","44":"product_tag-serum-bank","45":"product_tag-serum-kit","46":"product_tag-serum-pack","47":"product_tag-serum-preset-bank","48":"product_tag-serum-presets","49":"product_tag-shinju","50":"product_tag-tohji","51":"product_tag-tutorial","52":"product_tag-wavetables","53":"product_tag-whitearmor","54":"product_tag-witch-house","55":"desktop-align-left","56":"tablet-align-left","57":"mobile-align-left","59":"first","60":"instock","61":"downloadable","62":"virtual","63":"purchasable","64":"product-type-simple"},"yoast_head":"<!-- This site is optimized with the Yoast SEO plugin v27.3 - https:\/\/yoast.com\/product\/yoast-seo-wordpress\/ -->\n<title>CYBERIA Serum Preset Bank - Morabeats | Producci\u00f3n musical<\/title>\n<meta name=\"description\" content=\"CYBERIA Serum Preset Bank. 100% \u00fanico. 808s, Plucks, Leads, Pads, Arps, Keys, Vox, etc. Hecho por @morabeats, Oneshots inclu\u00eddos para usar en cualquier DAW.\" \/>\n<meta name=\"robots\" content=\"index, follow, max-snippet:-1, max-image-preview:large, max-video-preview:-1\" \/>\n<link rel=\"canonical\" href=\"https:\/\/morabeats.com\/en\/product\/cyberia-serum-preset-bank\/\" \/>\n<meta property=\"og:locale\" content=\"en_US\" \/>\n<meta property=\"og:type\" content=\"article\" \/>\n<meta property=\"og:title\" content=\"CYBERIA Serum Preset Bank - Morabeats | Producci\u00f3n musical\" \/>\n<meta property=\"og:description\" content=\"CYBERIA Serum Preset Bank. 100% \u00fanico. 808s, Plucks, Leads, Pads, Arps, Keys, Vox, etc. Hecho por @morabeats, Oneshots inclu\u00eddos para usar en cualquier DAW.\" \/>\n<meta property=\"og:url\" content=\"https:\/\/morabeats.com\/en\/product\/cyberia-serum-preset-bank\/\" \/>\n<meta property=\"og:site_name\" content=\"Morabeats | Producci\u00f3n musical\" \/>\n<meta property=\"article:publisher\" content=\"https:\/\/www.facebook.com\/morabeats\" \/>\n<meta property=\"article:modified_time\" content=\"2025-11-08T06:36:57+00:00\" \/>\n<meta property=\"og:image\" content=\"https:\/\/morabeats.com\/wp-content\/uploads\/2025\/09\/Cyberia-serum-bank-artwork-final-6.3-noise-1024x1024.jpg\" \/>\n\t<meta property=\"og:image:width\" content=\"1024\" \/>\n\t<meta property=\"og:image:height\" content=\"1024\" \/>\n\t<meta property=\"og:image:type\" content=\"image\/jpeg\" \/>\n<meta name=\"twitter:card\" content=\"summary_large_image\" \/>\n<meta name=\"twitter:site\" content=\"@morabeats\" \/>\n<meta name=\"twitter:label1\" content=\"Est. reading time\" \/>\n\t<meta name=\"twitter:data1\" content=\"2 minutes\" \/>\n<script type=\"application\/ld+json\" class=\"yoast-schema-graph\">{\"@context\":\"https:\\\/\\\/schema.org\",\"@graph\":[{\"@type\":\"WebPage\",\"@id\":\"https:\\\/\\\/morabeats.com\\\/producto\\\/cyberia-serum-preset-bank\\\/\",\"url\":\"https:\\\/\\\/morabeats.com\\\/producto\\\/cyberia-serum-preset-bank\\\/\",\"name\":\"CYBERIA Serum Preset Bank - Morabeats | Producci\u00f3n musical\",\"isPartOf\":{\"@id\":\"https:\\\/\\\/morabeats.com\\\/#website\"},\"primaryImageOfPage\":{\"@id\":\"https:\\\/\\\/morabeats.com\\\/producto\\\/cyberia-serum-preset-bank\\\/#primaryimage\"},\"image\":{\"@id\":\"https:\\\/\\\/morabeats.com\\\/producto\\\/cyberia-serum-preset-bank\\\/#primaryimage\"},\"thumbnailUrl\":\"https:\\\/\\\/morabeats.com\\\/wp-content\\\/uploads\\\/2025\\\/09\\\/Cyberia-serum-bank-artwork-final-6.3-noise-scaled.jpg\",\"datePublished\":\"2025-09-21T16:00:58+00:00\",\"dateModified\":\"2025-11-08T06:36:57+00:00\",\"description\":\"CYBERIA Serum Preset Bank. 100% \u00fanico. 808s, Plucks, Leads, Pads, Arps, Keys, Vox, etc. Hecho por @morabeats, Oneshots inclu\u00eddos para usar en cualquier DAW.\",\"breadcrumb\":{\"@id\":\"https:\\\/\\\/morabeats.com\\\/producto\\\/cyberia-serum-preset-bank\\\/#breadcrumb\"},\"inLanguage\":\"en-US\",\"potentialAction\":[{\"@type\":\"ReadAction\",\"target\":[\"https:\\\/\\\/morabeats.com\\\/producto\\\/cyberia-serum-preset-bank\\\/\"]}]},{\"@type\":\"ImageObject\",\"inLanguage\":\"en-US\",\"@id\":\"https:\\\/\\\/morabeats.com\\\/producto\\\/cyberia-serum-preset-bank\\\/#primaryimage\",\"url\":\"https:\\\/\\\/morabeats.com\\\/wp-content\\\/uploads\\\/2025\\\/09\\\/Cyberia-serum-bank-artwork-final-6.3-noise-scaled.jpg\",\"contentUrl\":\"https:\\\/\\\/morabeats.com\\\/wp-content\\\/uploads\\\/2025\\\/09\\\/Cyberia-serum-bank-artwork-final-6.3-noise-scaled.jpg\",\"width\":2560,\"height\":2560,\"caption\":\"cyberia serum preset bank\"},{\"@type\":\"BreadcrumbList\",\"@id\":\"https:\\\/\\\/morabeats.com\\\/producto\\\/cyberia-serum-preset-bank\\\/#breadcrumb\",\"itemListElement\":[{\"@type\":\"ListItem\",\"position\":1,\"name\":\"Portada\",\"item\":\"https:\\\/\\\/morabeats.com\\\/\"},{\"@type\":\"ListItem\",\"position\":2,\"name\":\"Shop\",\"item\":\"https:\\\/\\\/morabeats.com\\\/categoria-producto-beats\\\/\"},{\"@type\":\"ListItem\",\"position\":3,\"name\":\"CYBERIA Serum Preset Bank\"}]},{\"@type\":\"WebSite\",\"@id\":\"https:\\\/\\\/morabeats.com\\\/#website\",\"url\":\"https:\\\/\\\/morabeats.com\\\/\",\"name\":\"morabeats | Productor musical\",\"description\":\"Producci\u00f3n musical \u2013 Venta de beats \u2013 Drumkits \u2013 Sample packs \u2013 Dise\u00f1o de portadas\",\"publisher\":{\"@id\":\"https:\\\/\\\/morabeats.com\\\/#\\\/schema\\\/person\\\/b66d98ed9d9a5a7c69b78f095797577e\"},\"alternateName\":\"morabeats\",\"potentialAction\":[{\"@type\":\"SearchAction\",\"target\":{\"@type\":\"EntryPoint\",\"urlTemplate\":\"https:\\\/\\\/morabeats.com\\\/?s={search_term_string}\"},\"query-input\":{\"@type\":\"PropertyValueSpecification\",\"valueRequired\":true,\"valueName\":\"search_term_string\"}}],\"inLanguage\":\"en-US\"},{\"@type\":[\"Person\",\"Organization\"],\"@id\":\"https:\\\/\\\/morabeats.com\\\/#\\\/schema\\\/person\\\/b66d98ed9d9a5a7c69b78f095797577e\",\"name\":\"morabeats\",\"image\":{\"@type\":\"ImageObject\",\"inLanguage\":\"en-US\",\"@id\":\"https:\\\/\\\/morabeats.com\\\/wp-content\\\/uploads\\\/2021\\\/02\\\/cropped-cropped-logo-moracircular.png\",\"url\":\"https:\\\/\\\/morabeats.com\\\/wp-content\\\/uploads\\\/2021\\\/02\\\/cropped-cropped-logo-moracircular.png\",\"contentUrl\":\"https:\\\/\\\/morabeats.com\\\/wp-content\\\/uploads\\\/2021\\\/02\\\/cropped-cropped-logo-moracircular.png\",\"width\":512,\"height\":512,\"caption\":\"morabeats\"},\"logo\":{\"@id\":\"https:\\\/\\\/morabeats.com\\\/wp-content\\\/uploads\\\/2021\\\/02\\\/cropped-cropped-logo-moracircular.png\"},\"sameAs\":[\"http:\\\/\\\/morabeats.com\",\"https:\\\/\\\/www.facebook.com\\\/morabeats\",\"https:\\\/\\\/www.instagram.com\\\/morabeats\\\/\",\"https:\\\/\\\/x.com\\\/https:\\\/\\\/twitter.com\\\/morabeats\",\"https:\\\/\\\/www.youtube.com\\\/moramusic\",\"https:\\\/\\\/soundcloud.com\\\/morabeats\"]}]}<\/script>\n<!-- \/ Yoast SEO plugin. -->","yoast_head_json":{"title":"CYBERIA Serum Preset Bank - Morabeats | Producci\u00f3n musical","description":"CYBERIA Serum Preset Bank. 100% \u00fanico. 808s, Plucks, Leads, Pads, Arps, Keys, Vox, etc. Hecho por @morabeats, Oneshots inclu\u00eddos para usar en cualquier DAW.","robots":{"index":"index","follow":"follow","max-snippet":"max-snippet:-1","max-image-preview":"max-image-preview:large","max-video-preview":"max-video-preview:-1"},"canonical":"https:\/\/morabeats.com\/en\/product\/cyberia-serum-preset-bank\/","og_locale":"en_US","og_type":"article","og_title":"CYBERIA Serum Preset Bank - Morabeats | Producci\u00f3n musical","og_description":"CYBERIA Serum Preset Bank. 100% \u00fanico. 808s, Plucks, Leads, Pads, Arps, Keys, Vox, etc. Hecho por @morabeats, Oneshots inclu\u00eddos para usar en cualquier DAW.","og_url":"https:\/\/morabeats.com\/en\/product\/cyberia-serum-preset-bank\/","og_site_name":"Morabeats | Producci\u00f3n musical","article_publisher":"https:\/\/www.facebook.com\/morabeats","article_modified_time":"2025-11-08T06:36:57+00:00","og_image":[{"width":1024,"height":1024,"url":"https:\/\/morabeats.com\/wp-content\/uploads\/2025\/09\/Cyberia-serum-bank-artwork-final-6.3-noise-1024x1024.jpg","type":"image\/jpeg"}],"twitter_card":"summary_large_image","twitter_site":"@morabeats","twitter_misc":{"Est. reading time":"2 minutes"},"schema":{"@context":"https:\/\/schema.org","@graph":[{"@type":"WebPage","@id":"https:\/\/morabeats.com\/producto\/cyberia-serum-preset-bank\/","url":"https:\/\/morabeats.com\/producto\/cyberia-serum-preset-bank\/","name":"CYBERIA Serum Preset Bank - Morabeats | Producci\u00f3n musical","isPartOf":{"@id":"https:\/\/morabeats.com\/#website"},"primaryImageOfPage":{"@id":"https:\/\/morabeats.com\/producto\/cyberia-serum-preset-bank\/#primaryimage"},"image":{"@id":"https:\/\/morabeats.com\/producto\/cyberia-serum-preset-bank\/#primaryimage"},"thumbnailUrl":"https:\/\/morabeats.com\/wp-content\/uploads\/2025\/09\/Cyberia-serum-bank-artwork-final-6.3-noise-scaled.jpg","datePublished":"2025-09-21T16:00:58+00:00","dateModified":"2025-11-08T06:36:57+00:00","description":"CYBERIA Serum Preset Bank. 100% \u00fanico. 808s, Plucks, Leads, Pads, Arps, Keys, Vox, etc. Hecho por @morabeats, Oneshots inclu\u00eddos para usar en cualquier DAW.","breadcrumb":{"@id":"https:\/\/morabeats.com\/producto\/cyberia-serum-preset-bank\/#breadcrumb"},"inLanguage":"en-US","potentialAction":[{"@type":"ReadAction","target":["https:\/\/morabeats.com\/producto\/cyberia-serum-preset-bank\/"]}]},{"@type":"ImageObject","inLanguage":"en-US","@id":"https:\/\/morabeats.com\/producto\/cyberia-serum-preset-bank\/#primaryimage","url":"https:\/\/morabeats.com\/wp-content\/uploads\/2025\/09\/Cyberia-serum-bank-artwork-final-6.3-noise-scaled.jpg","contentUrl":"https:\/\/morabeats.com\/wp-content\/uploads\/2025\/09\/Cyberia-serum-bank-artwork-final-6.3-noise-scaled.jpg","width":2560,"height":2560,"caption":"cyberia serum preset bank"},{"@type":"BreadcrumbList","@id":"https:\/\/morabeats.com\/producto\/cyberia-serum-preset-bank\/#breadcrumb","itemListElement":[{"@type":"ListItem","position":1,"name":"Portada","item":"https:\/\/morabeats.com\/"},{"@type":"ListItem","position":2,"name":"Shop","item":"https:\/\/morabeats.com\/categoria-producto-beats\/"},{"@type":"ListItem","position":3,"name":"CYBERIA Serum Preset Bank"}]},{"@type":"WebSite","@id":"https:\/\/morabeats.com\/#website","url":"https:\/\/morabeats.com\/","name":"morabeats | Music producer","description":"Music production - Beats for sale - Drumkits - Sample packs - Artwork design","publisher":{"@id":"https:\/\/morabeats.com\/#\/schema\/person\/b66d98ed9d9a5a7c69b78f095797577e"},"alternateName":"morabeats","potentialAction":[{"@type":"SearchAction","target":{"@type":"EntryPoint","urlTemplate":"https:\/\/morabeats.com\/?s={search_term_string}"},"query-input":{"@type":"PropertyValueSpecification","valueRequired":true,"valueName":"search_term_string"}}],"inLanguage":"en-US"},{"@type":["Person","Organization"],"@id":"https:\/\/morabeats.com\/#\/schema\/person\/b66d98ed9d9a5a7c69b78f095797577e","name":"morabeats","image":{"@type":"ImageObject","inLanguage":"en-US","@id":"https:\/\/morabeats.com\/wp-content\/uploads\/2021\/02\/cropped-cropped-logo-moracircular.png","url":"https:\/\/morabeats.com\/wp-content\/uploads\/2021\/02\/cropped-cropped-logo-moracircular.png","contentUrl":"https:\/\/morabeats.com\/wp-content\/uploads\/2021\/02\/cropped-cropped-logo-moracircular.png","width":512,"height":512,"caption":"morabeats"},"logo":{"@id":"https:\/\/morabeats.com\/wp-content\/uploads\/2021\/02\/cropped-cropped-logo-moracircular.png"},"sameAs":["http:\/\/morabeats.com","https:\/\/www.facebook.com\/morabeats","https:\/\/www.instagram.com\/morabeats\/","https:\/\/x.com\/https:\/\/twitter.com\/morabeats","https:\/\/www.youtube.com\/moramusic","https:\/\/soundcloud.com\/morabeats"]}]}},"uagb_featured_image_src":{"full":["https:\/\/morabeats.com\/wp-content\/uploads\/2025\/09\/Cyberia-serum-bank-artwork-final-6.3-noise-scaled.jpg",2560,2560,false],"thumbnail":["https:\/\/morabeats.com\/wp-content\/uploads\/2025\/09\/Cyberia-serum-bank-artwork-final-6.3-noise-150x150.jpg",150,150,true],"medium":["https:\/\/morabeats.com\/wp-content\/uploads\/2025\/09\/Cyberia-serum-bank-artwork-final-6.3-noise-300x300.jpg",300,300,true],"medium_large":["https:\/\/morabeats.com\/wp-content\/uploads\/2025\/09\/Cyberia-serum-bank-artwork-final-6.3-noise-768x768.jpg",768,768,true],"large":["https:\/\/morabeats.com\/wp-content\/uploads\/2025\/09\/Cyberia-serum-bank-artwork-final-6.3-noise-1024x1024.jpg",1024,1024,true],"1536x1536":["https:\/\/morabeats.com\/wp-content\/uploads\/2025\/09\/Cyberia-serum-bank-artwork-final-6.3-noise-1536x1536.jpg",1536,1536,true],"2048x2048":["https:\/\/morabeats.com\/wp-content\/uploads\/2025\/09\/Cyberia-serum-bank-artwork-final-6.3-noise-2048x2048.jpg",2048,2048,true],"trp-custom-language-flag":["https:\/\/morabeats.com\/wp-content\/uploads\/2025\/09\/Cyberia-serum-bank-artwork-final-6.3-noise-12x12.jpg",12,12,true],"woocommerce_thumbnail":["https:\/\/morabeats.com\/wp-content\/uploads\/2025\/09\/Cyberia-serum-bank-artwork-final-6.3-noise-300x300.jpg",300,300,true],"woocommerce_single":["https:\/\/morabeats.com\/wp-content\/uploads\/2025\/09\/Cyberia-serum-bank-artwork-final-6.3-noise-600x600.jpg",600,600,true],"woocommerce_gallery_thumbnail":["https:\/\/morabeats.com\/wp-content\/uploads\/2025\/09\/Cyberia-serum-bank-artwork-final-6.3-noise-100x100.jpg",100,100,true],"dgwt-wcas-product-suggestion":["https:\/\/morabeats.com\/wp-content\/uploads\/2025\/09\/Cyberia-serum-bank-artwork-final-6.3-noise-64x64.jpg",64,64,true]},"uagb_author_info":{"display_name":"morabeats","author_link":"https:\/\/morabeats.com\/en\/author\/"},"uagb_comment_info":0,"uagb_excerpt":"Serum bank con 55 presets 100% \u00fanicos para sumar a tu librer\u00eda y elevar tus producciones musicales.","_links":{"self":[{"href":"https:\/\/morabeats.com\/en\/wp-json\/wp\/v2\/product\/2514","targetHints":{"allow":["GET"]}}],"collection":[{"href":"https:\/\/morabeats.com\/en\/wp-json\/wp\/v2\/product"}],"about":[{"href":"https:\/\/morabeats.com\/en\/wp-json\/wp\/v2\/types\/product"}],"wp:featuredmedia":[{"embeddable":true,"href":"https:\/\/morabeats.com\/en\/wp-json\/wp\/v2\/media\/2515"}],"wp:attachment":[{"href":"https:\/\/morabeats.com\/en\/wp-json\/wp\/v2\/media?parent=2514"}],"wp:term":[{"taxonomy":"product_brand","embeddable":true,"href":"https:\/\/morabeats.com\/en\/wp-json\/wp\/v2\/product_brand?post=2514"},{"taxonomy":"product_cat","embeddable":true,"href":"https:\/\/morabeats.com\/en\/wp-json\/wp\/v2\/product_cat?post=2514"},{"taxonomy":"product_tag","embeddable":true,"href":"https:\/\/morabeats.com\/en\/wp-json\/wp\/v2\/product_tag?post=2514"}],"curies":[{"name":"wp","href":"https:\/\/api.w.org\/{rel}","templated":true}]}}