{"id":2585,"date":"2025-11-08T02:43:12","date_gmt":"2025-11-08T05:43:12","guid":{"rendered":"https:\/\/morabeats.com\/?post_type=product&#038;p=2585"},"modified":"2025-11-08T14:01:25","modified_gmt":"2025-11-08T17:01:25","slug":"geofront-texture-kit","status":"publish","type":"product","link":"https:\/\/morabeats.com\/en\/product\/geofront-texture-kit\/","title":{"rendered":"GEOFRONT texture kit"},"content":{"rendered":"<p>GEOFRONT texture + accents kit<\/p>\n<p>ESP:<\/p>\n<p>content:<br \/>\n41 texturas \/ accents<\/p>\n<p>all sounds synthesized, recorded, and\/or edited by @morabeats. no repeated sounds.<\/p>\n<p>follow me:<br \/>\nwww.morabeats.com<br \/>\n@morabeats on ig<br \/>\nwww.youtube.com\/@moramusic (canal principal: tutoriales)<br \/>\nwww.youtube.com\/@prodmora (canal secundario: beats)<\/p>\n<p>si te gustar\u00eda que haga un kit m\u00e1s completo con sonidos como estos dejamelo saber suscribiendote y comentando en mi canal de youtube!<br \/>\npor favor consider\u00e1 comprar mi drumkit \u00abNEOMECHANICA\u00bb y mi Serum Preset Bank \u00abCYBERIA\u00bb, ya que hice este kit de texturas usando ambos.<\/p>\n<p>tutoriales completos sobre c\u00f3mo hice y c\u00f3mo implementar \u00e9stos sonidos (conocidos como \u00abbot\u00e1nica\u00bb) disponibles en mi canal de youtube<\/p>\n<p>&#8212;&#8212;&#8212;&#8212;&#8212;&#8212;&#8212;&#8212;&#8212;&#8212;&#8211;<\/p>\n<p>GEOFRONT texture + accents kit<\/p>\n<p>ENG:<\/p>\n<p>content:<br \/>\n41 texture \/ accents<\/p>\n<p>all sounds synthesized, recorded, and\/or edited by @morabeats. no repeated sounds.<\/p>\n<p>follow me:<br \/>\nwww.morabeats.com<br \/>\n@morabeats on ig<br \/>\nwww.youtube.com\/@moramusic (main channel: tutorials)<br \/>\nwww.youtube.com\/@prodmora (secondary channel: beats)<\/p>\n<p>if you\u2019d like for me to make a full kit with more sounds like these let me know by subscribing and commenting on my youtube channel!<br \/>\nplease consider buying my drumkit \u00abNEOMECHANICA\u00bb and my Serum Preset Bank \u00abCYBERIA\u00bb, since I made this texture kit using both of those.<\/p>\n<p>full tutorials on how I made and how to implement these sounds (known as botanica) available on my main youtube channel.<\/p>\n<p>Video Preview:<\/p>\n<p><a href=\"https:\/\/drive.google.com\/file\/d\/1ZP1mcnI3ltOAFq7P6JQTdFCYW35Aws_k\/view?usp=sharing\">https:\/\/drive.google.com\/file\/d\/1ZP1mcnI3ltOAFq7P6JQTdFCYW35Aws_k\/view?usp=sharing<\/a><\/p>\n<p>Audio Preview:<\/p>\n<audio class=\"wp-audio-shortcode\" id=\"audio-2585-1\" preload=\"none\" style=\"width: 100%;\" controls=\"controls\"><source type=\"audio\/wav\" src=\"https:\/\/morabeats.com\/wp-content\/uploads\/2025\/11\/GEOFRONT-preview.wav?_=1\" \/><a href=\"https:\/\/morabeats.com\/wp-content\/uploads\/2025\/11\/GEOFRONT-preview.wav\">https:\/\/morabeats.com\/wp-content\/uploads\/2025\/11\/GEOFRONT-preview.wav<\/a><\/audio>\n<p><a href=\"http:\/\/linktr.ee\/morabeats\">http:\/\/linktr.ee\/morabeats<\/a><\/p>","protected":false},"excerpt":{"rendered":"<p>Texture \/ accents kit con 41 sonidos 100% originales para sumar a tu librer\u00eda y elevar tus producciones musicales.<\/p>","protected":false},"featured_media":2586,"template":"","meta":{"_crdt_document":"","_uag_custom_page_level_css":"","site-sidebar-layout":"default","site-content-layout":"","ast-site-content-layout":"default","site-content-style":"default","site-sidebar-style":"default","ast-global-header-display":"","ast-banner-title-visibility":"","ast-main-header-display":"","ast-hfb-above-header-display":"","ast-hfb-below-header-display":"","ast-hfb-mobile-header-display":"","site-post-title":"","ast-breadcrumbs-content":"","ast-featured-img":"","footer-sml-layout":"","theme-transparent-header-meta":"default","adv-header-id-meta":"","stick-header-meta":"","header-above-stick-meta":"","header-main-stick-meta":"","header-below-stick-meta":"","astra-migrate-meta-layouts":"set","ast-page-background-enabled":"default","ast-page-background-meta":{"desktop":{"background-color":"","background-image":"","background-repeat":"repeat","background-position":"center center","background-size":"auto","background-attachment":"scroll","background-type":"","background-media":"","overlay-type":"","overlay-color":"","overlay-opacity":"","overlay-gradient":""},"tablet":{"background-color":"","background-image":"","background-repeat":"repeat","background-position":"center center","background-size":"auto","background-attachment":"scroll","background-type":"","background-media":"","overlay-type":"","overlay-color":"","overlay-opacity":"","overlay-gradient":""},"mobile":{"background-color":"","background-image":"","background-repeat":"repeat","background-position":"center center","background-size":"auto","background-attachment":"scroll","background-type":"","background-media":"","overlay-type":"","overlay-color":"","overlay-opacity":"","overlay-gradient":""}},"ast-content-background-meta":{"desktop":{"background-color":"var(--ast-global-color-5)","background-image":"","background-repeat":"repeat","background-position":"center center","background-size":"auto","background-attachment":"scroll","background-type":"","background-media":"","overlay-type":"","overlay-color":"","overlay-opacity":"","overlay-gradient":""},"tablet":{"background-color":"var(--ast-global-color-5)","background-image":"","background-repeat":"repeat","background-position":"center center","background-size":"auto","background-attachment":"scroll","background-type":"","background-media":"","overlay-type":"","overlay-color":"","overlay-opacity":"","overlay-gradient":""},"mobile":{"background-color":"var(--ast-global-color-5)","background-image":"","background-repeat":"repeat","background-position":"center center","background-size":"auto","background-attachment":"scroll","background-type":"","background-media":"","overlay-type":"","overlay-color":"","overlay-opacity":"","overlay-gradient":""}}},"product_brand":[],"product_cat":[21],"product_tag":[1055,1187,1188,1031,1192,1037,588,590,587,1186,1185,1181,1183,1039,594,60,221,589,595,596,1189,1191,1190,695,591,593,592,1036,1182,1184],"class_list":{"0":"post-2585","1":"product","2":"type-product","3":"status-publish","4":"has-post-thumbnail","6":"product_cat-drumkits","7":"product_tag-botanica","8":"product_tag-botanica-drum-kit","9":"product_tag-botanica-texture-kit","10":"product_tag-cyberia","11":"product_tag-cyberia-drum-kit","12":"product_tag-cyberia-serum-preset-bank","13":"product_tag-drum-kit","14":"product_tag-drum-pack","15":"product_tag-drumkit","16":"product_tag-free-drumkit","17":"product_tag-free-kit","18":"product_tag-geofront","19":"product_tag-geofront-texture-kit","20":"product_tag-kit","21":"product_tag-libreria-de-sonidos","22":"product_tag-mora","23":"product_tag-morabeats","24":"product_tag-neomechanica","25":"product_tag-neomechanica-drum-kit","26":"product_tag-neomechanica-drumkit","27":"product_tag-petalcore","28":"product_tag-petalcore-drum-kit","29":"product_tag-petalcore-kit","30":"product_tag-prod-mora","31":"product_tag-sample-pack","32":"product_tag-serum-kit","33":"product_tag-serum-pack","34":"product_tag-serum-preset-bank","35":"product_tag-texture-kit","36":"product_tag-textures","37":"desktop-align-left","38":"tablet-align-left","39":"mobile-align-left","41":"first","42":"instock","43":"downloadable","44":"virtual","45":"purchasable","46":"product-type-simple"},"yoast_head":"<!-- This site is optimized with the Yoast SEO plugin v27.3 - https:\/\/yoast.com\/product\/yoast-seo-wordpress\/ -->\n<title>GEOFRONT texture kit - Morabeats | Producci\u00f3n musical<\/title>\n<meta name=\"description\" content=\"GEOFRONT texture kit. Texture \/ accents drumkit original. Especial para botanica pero apto para todos los estilos. Hecho por @morabeats\" \/>\n<meta name=\"robots\" content=\"index, follow, max-snippet:-1, max-image-preview:large, max-video-preview:-1\" \/>\n<link rel=\"canonical\" href=\"https:\/\/morabeats.com\/en\/product\/geofront-texture-kit\/\" \/>\n<meta property=\"og:locale\" content=\"en_US\" \/>\n<meta property=\"og:type\" content=\"article\" \/>\n<meta property=\"og:title\" content=\"GEOFRONT texture kit - Morabeats | Producci\u00f3n musical\" \/>\n<meta property=\"og:description\" content=\"GEOFRONT texture kit. Texture \/ accents drumkit original. Especial para botanica pero apto para todos los estilos. Hecho por @morabeats\" \/>\n<meta property=\"og:url\" content=\"https:\/\/morabeats.com\/en\/product\/geofront-texture-kit\/\" \/>\n<meta property=\"og:site_name\" content=\"Morabeats | Producci\u00f3n musical\" \/>\n<meta property=\"article:publisher\" content=\"https:\/\/www.facebook.com\/morabeats\" \/>\n<meta property=\"article:modified_time\" content=\"2025-11-08T17:01:25+00:00\" \/>\n<meta property=\"og:image\" content=\"https:\/\/morabeats.com\/wp-content\/uploads\/2025\/11\/geofront-botanica-free-texture-kit-1024x1024.jpg\" \/>\n\t<meta property=\"og:image:width\" content=\"1024\" \/>\n\t<meta property=\"og:image:height\" content=\"1024\" \/>\n\t<meta property=\"og:image:type\" content=\"image\/jpeg\" \/>\n<meta name=\"twitter:card\" content=\"summary_large_image\" \/>\n<meta name=\"twitter:site\" content=\"@morabeats\" \/>\n<meta name=\"twitter:label1\" content=\"Est. reading time\" \/>\n\t<meta name=\"twitter:data1\" content=\"2 minutes\" \/>\n<script type=\"application\/ld+json\" class=\"yoast-schema-graph\">{\"@context\":\"https:\\\/\\\/schema.org\",\"@graph\":[{\"@type\":\"WebPage\",\"@id\":\"https:\\\/\\\/morabeats.com\\\/producto\\\/geofront-texture-kit\\\/\",\"url\":\"https:\\\/\\\/morabeats.com\\\/producto\\\/geofront-texture-kit\\\/\",\"name\":\"GEOFRONT texture kit - Morabeats | Producci\u00f3n musical\",\"isPartOf\":{\"@id\":\"https:\\\/\\\/morabeats.com\\\/#website\"},\"primaryImageOfPage\":{\"@id\":\"https:\\\/\\\/morabeats.com\\\/producto\\\/geofront-texture-kit\\\/#primaryimage\"},\"image\":{\"@id\":\"https:\\\/\\\/morabeats.com\\\/producto\\\/geofront-texture-kit\\\/#primaryimage\"},\"thumbnailUrl\":\"https:\\\/\\\/morabeats.com\\\/wp-content\\\/uploads\\\/2025\\\/11\\\/geofront-botanica-free-texture-kit.jpg\",\"datePublished\":\"2025-11-08T05:43:12+00:00\",\"dateModified\":\"2025-11-08T17:01:25+00:00\",\"description\":\"GEOFRONT texture kit. Texture \\\/ accents drumkit original. Especial para botanica pero apto para todos los estilos. Hecho por @morabeats\",\"breadcrumb\":{\"@id\":\"https:\\\/\\\/morabeats.com\\\/producto\\\/geofront-texture-kit\\\/#breadcrumb\"},\"inLanguage\":\"en-US\",\"potentialAction\":[{\"@type\":\"ReadAction\",\"target\":[\"https:\\\/\\\/morabeats.com\\\/producto\\\/geofront-texture-kit\\\/\"]}]},{\"@type\":\"ImageObject\",\"inLanguage\":\"en-US\",\"@id\":\"https:\\\/\\\/morabeats.com\\\/producto\\\/geofront-texture-kit\\\/#primaryimage\",\"url\":\"https:\\\/\\\/morabeats.com\\\/wp-content\\\/uploads\\\/2025\\\/11\\\/geofront-botanica-free-texture-kit.jpg\",\"contentUrl\":\"https:\\\/\\\/morabeats.com\\\/wp-content\\\/uploads\\\/2025\\\/11\\\/geofront-botanica-free-texture-kit.jpg\",\"width\":2000,\"height\":2000,\"caption\":\"geofront texture kit\"},{\"@type\":\"BreadcrumbList\",\"@id\":\"https:\\\/\\\/morabeats.com\\\/producto\\\/geofront-texture-kit\\\/#breadcrumb\",\"itemListElement\":[{\"@type\":\"ListItem\",\"position\":1,\"name\":\"Portada\",\"item\":\"https:\\\/\\\/morabeats.com\\\/\"},{\"@type\":\"ListItem\",\"position\":2,\"name\":\"Shop\",\"item\":\"https:\\\/\\\/morabeats.com\\\/categoria-producto-beats\\\/\"},{\"@type\":\"ListItem\",\"position\":3,\"name\":\"GEOFRONT texture kit\"}]},{\"@type\":\"WebSite\",\"@id\":\"https:\\\/\\\/morabeats.com\\\/#website\",\"url\":\"https:\\\/\\\/morabeats.com\\\/\",\"name\":\"morabeats | Productor musical\",\"description\":\"Producci\u00f3n musical \u2013 Venta de beats \u2013 Drumkits \u2013 Sample packs \u2013 Dise\u00f1o de portadas\",\"publisher\":{\"@id\":\"https:\\\/\\\/morabeats.com\\\/#\\\/schema\\\/person\\\/b66d98ed9d9a5a7c69b78f095797577e\"},\"alternateName\":\"morabeats\",\"potentialAction\":[{\"@type\":\"SearchAction\",\"target\":{\"@type\":\"EntryPoint\",\"urlTemplate\":\"https:\\\/\\\/morabeats.com\\\/?s={search_term_string}\"},\"query-input\":{\"@type\":\"PropertyValueSpecification\",\"valueRequired\":true,\"valueName\":\"search_term_string\"}}],\"inLanguage\":\"en-US\"},{\"@type\":[\"Person\",\"Organization\"],\"@id\":\"https:\\\/\\\/morabeats.com\\\/#\\\/schema\\\/person\\\/b66d98ed9d9a5a7c69b78f095797577e\",\"name\":\"morabeats\",\"image\":{\"@type\":\"ImageObject\",\"inLanguage\":\"en-US\",\"@id\":\"https:\\\/\\\/morabeats.com\\\/wp-content\\\/uploads\\\/2021\\\/02\\\/cropped-cropped-logo-moracircular.png\",\"url\":\"https:\\\/\\\/morabeats.com\\\/wp-content\\\/uploads\\\/2021\\\/02\\\/cropped-cropped-logo-moracircular.png\",\"contentUrl\":\"https:\\\/\\\/morabeats.com\\\/wp-content\\\/uploads\\\/2021\\\/02\\\/cropped-cropped-logo-moracircular.png\",\"width\":512,\"height\":512,\"caption\":\"morabeats\"},\"logo\":{\"@id\":\"https:\\\/\\\/morabeats.com\\\/wp-content\\\/uploads\\\/2021\\\/02\\\/cropped-cropped-logo-moracircular.png\"},\"sameAs\":[\"http:\\\/\\\/morabeats.com\",\"https:\\\/\\\/www.facebook.com\\\/morabeats\",\"https:\\\/\\\/www.instagram.com\\\/morabeats\\\/\",\"https:\\\/\\\/x.com\\\/https:\\\/\\\/twitter.com\\\/morabeats\",\"https:\\\/\\\/www.youtube.com\\\/moramusic\",\"https:\\\/\\\/soundcloud.com\\\/morabeats\"]}]}<\/script>\n<!-- \/ Yoast SEO plugin. -->","yoast_head_json":{"title":"GEOFRONT texture kit - Morabeats | Producci\u00f3n musical","description":"GEOFRONT texture kit. Texture \/ accents drumkit original. Especial para botanica pero apto para todos los estilos. Hecho por @morabeats","robots":{"index":"index","follow":"follow","max-snippet":"max-snippet:-1","max-image-preview":"max-image-preview:large","max-video-preview":"max-video-preview:-1"},"canonical":"https:\/\/morabeats.com\/en\/product\/geofront-texture-kit\/","og_locale":"en_US","og_type":"article","og_title":"GEOFRONT texture kit - Morabeats | Producci\u00f3n musical","og_description":"GEOFRONT texture kit. Texture \/ accents drumkit original. Especial para botanica pero apto para todos los estilos. Hecho por @morabeats","og_url":"https:\/\/morabeats.com\/en\/product\/geofront-texture-kit\/","og_site_name":"Morabeats | Producci\u00f3n musical","article_publisher":"https:\/\/www.facebook.com\/morabeats","article_modified_time":"2025-11-08T17:01:25+00:00","og_image":[{"width":1024,"height":1024,"url":"https:\/\/morabeats.com\/wp-content\/uploads\/2025\/11\/geofront-botanica-free-texture-kit-1024x1024.jpg","type":"image\/jpeg"}],"twitter_card":"summary_large_image","twitter_site":"@morabeats","twitter_misc":{"Est. reading time":"2 minutes"},"schema":{"@context":"https:\/\/schema.org","@graph":[{"@type":"WebPage","@id":"https:\/\/morabeats.com\/producto\/geofront-texture-kit\/","url":"https:\/\/morabeats.com\/producto\/geofront-texture-kit\/","name":"GEOFRONT texture kit - Morabeats | Producci\u00f3n musical","isPartOf":{"@id":"https:\/\/morabeats.com\/#website"},"primaryImageOfPage":{"@id":"https:\/\/morabeats.com\/producto\/geofront-texture-kit\/#primaryimage"},"image":{"@id":"https:\/\/morabeats.com\/producto\/geofront-texture-kit\/#primaryimage"},"thumbnailUrl":"https:\/\/morabeats.com\/wp-content\/uploads\/2025\/11\/geofront-botanica-free-texture-kit.jpg","datePublished":"2025-11-08T05:43:12+00:00","dateModified":"2025-11-08T17:01:25+00:00","description":"GEOFRONT texture kit. Texture \/ accents drumkit original. Especial para botanica pero apto para todos los estilos. Hecho por @morabeats","breadcrumb":{"@id":"https:\/\/morabeats.com\/producto\/geofront-texture-kit\/#breadcrumb"},"inLanguage":"en-US","potentialAction":[{"@type":"ReadAction","target":["https:\/\/morabeats.com\/producto\/geofront-texture-kit\/"]}]},{"@type":"ImageObject","inLanguage":"en-US","@id":"https:\/\/morabeats.com\/producto\/geofront-texture-kit\/#primaryimage","url":"https:\/\/morabeats.com\/wp-content\/uploads\/2025\/11\/geofront-botanica-free-texture-kit.jpg","contentUrl":"https:\/\/morabeats.com\/wp-content\/uploads\/2025\/11\/geofront-botanica-free-texture-kit.jpg","width":2000,"height":2000,"caption":"geofront texture kit"},{"@type":"BreadcrumbList","@id":"https:\/\/morabeats.com\/producto\/geofront-texture-kit\/#breadcrumb","itemListElement":[{"@type":"ListItem","position":1,"name":"Portada","item":"https:\/\/morabeats.com\/"},{"@type":"ListItem","position":2,"name":"Shop","item":"https:\/\/morabeats.com\/categoria-producto-beats\/"},{"@type":"ListItem","position":3,"name":"GEOFRONT texture kit"}]},{"@type":"WebSite","@id":"https:\/\/morabeats.com\/#website","url":"https:\/\/morabeats.com\/","name":"morabeats | Music producer","description":"Music production - Beats for sale - Drumkits - Sample packs - Artwork design","publisher":{"@id":"https:\/\/morabeats.com\/#\/schema\/person\/b66d98ed9d9a5a7c69b78f095797577e"},"alternateName":"morabeats","potentialAction":[{"@type":"SearchAction","target":{"@type":"EntryPoint","urlTemplate":"https:\/\/morabeats.com\/?s={search_term_string}"},"query-input":{"@type":"PropertyValueSpecification","valueRequired":true,"valueName":"search_term_string"}}],"inLanguage":"en-US"},{"@type":["Person","Organization"],"@id":"https:\/\/morabeats.com\/#\/schema\/person\/b66d98ed9d9a5a7c69b78f095797577e","name":"morabeats","image":{"@type":"ImageObject","inLanguage":"en-US","@id":"https:\/\/morabeats.com\/wp-content\/uploads\/2021\/02\/cropped-cropped-logo-moracircular.png","url":"https:\/\/morabeats.com\/wp-content\/uploads\/2021\/02\/cropped-cropped-logo-moracircular.png","contentUrl":"https:\/\/morabeats.com\/wp-content\/uploads\/2021\/02\/cropped-cropped-logo-moracircular.png","width":512,"height":512,"caption":"morabeats"},"logo":{"@id":"https:\/\/morabeats.com\/wp-content\/uploads\/2021\/02\/cropped-cropped-logo-moracircular.png"},"sameAs":["http:\/\/morabeats.com","https:\/\/www.facebook.com\/morabeats","https:\/\/www.instagram.com\/morabeats\/","https:\/\/x.com\/https:\/\/twitter.com\/morabeats","https:\/\/www.youtube.com\/moramusic","https:\/\/soundcloud.com\/morabeats"]}]}},"uagb_featured_image_src":{"full":["https:\/\/morabeats.com\/wp-content\/uploads\/2025\/11\/geofront-botanica-free-texture-kit.jpg",2000,2000,false],"thumbnail":["https:\/\/morabeats.com\/wp-content\/uploads\/2025\/11\/geofront-botanica-free-texture-kit-150x150.jpg",150,150,true],"medium":["https:\/\/morabeats.com\/wp-content\/uploads\/2025\/11\/geofront-botanica-free-texture-kit-300x300.jpg",300,300,true],"medium_large":["https:\/\/morabeats.com\/wp-content\/uploads\/2025\/11\/geofront-botanica-free-texture-kit-768x768.jpg",768,768,true],"large":["https:\/\/morabeats.com\/wp-content\/uploads\/2025\/11\/geofront-botanica-free-texture-kit-1024x1024.jpg",1024,1024,true],"1536x1536":["https:\/\/morabeats.com\/wp-content\/uploads\/2025\/11\/geofront-botanica-free-texture-kit-1536x1536.jpg",1536,1536,true],"2048x2048":["https:\/\/morabeats.com\/wp-content\/uploads\/2025\/11\/geofront-botanica-free-texture-kit.jpg",2000,2000,false],"trp-custom-language-flag":["https:\/\/morabeats.com\/wp-content\/uploads\/2025\/11\/geofront-botanica-free-texture-kit-12x12.jpg",12,12,true],"woocommerce_thumbnail":["https:\/\/morabeats.com\/wp-content\/uploads\/2025\/11\/geofront-botanica-free-texture-kit-300x300.jpg",300,300,true],"woocommerce_single":["https:\/\/morabeats.com\/wp-content\/uploads\/2025\/11\/geofront-botanica-free-texture-kit-600x600.jpg",600,600,true],"woocommerce_gallery_thumbnail":["https:\/\/morabeats.com\/wp-content\/uploads\/2025\/11\/geofront-botanica-free-texture-kit-100x100.jpg",100,100,true],"dgwt-wcas-product-suggestion":["https:\/\/morabeats.com\/wp-content\/uploads\/2025\/11\/geofront-botanica-free-texture-kit-64x64.jpg",64,64,true]},"uagb_author_info":{"display_name":"morabeats","author_link":"https:\/\/morabeats.com\/en\/author\/"},"uagb_comment_info":0,"uagb_excerpt":"Texture \/ accents kit con 41 sonidos 100% originales para sumar a tu librer\u00eda y elevar tus producciones musicales.","_links":{"self":[{"href":"https:\/\/morabeats.com\/en\/wp-json\/wp\/v2\/product\/2585","targetHints":{"allow":["GET"]}}],"collection":[{"href":"https:\/\/morabeats.com\/en\/wp-json\/wp\/v2\/product"}],"about":[{"href":"https:\/\/morabeats.com\/en\/wp-json\/wp\/v2\/types\/product"}],"wp:featuredmedia":[{"embeddable":true,"href":"https:\/\/morabeats.com\/en\/wp-json\/wp\/v2\/media\/2586"}],"wp:attachment":[{"href":"https:\/\/morabeats.com\/en\/wp-json\/wp\/v2\/media?parent=2585"}],"wp:term":[{"taxonomy":"product_brand","embeddable":true,"href":"https:\/\/morabeats.com\/en\/wp-json\/wp\/v2\/product_brand?post=2585"},{"taxonomy":"product_cat","embeddable":true,"href":"https:\/\/morabeats.com\/en\/wp-json\/wp\/v2\/product_cat?post=2585"},{"taxonomy":"product_tag","embeddable":true,"href":"https:\/\/morabeats.com\/en\/wp-json\/wp\/v2\/product_tag?post=2585"}],"curies":[{"name":"wp","href":"https:\/\/api.w.org\/{rel}","templated":true}]}}