{"id":3205,"date":"2026-04-19T10:29:41","date_gmt":"2026-04-19T13:29:41","guid":{"rendered":"https:\/\/morabeats.com\/?post_type=product&#038;p=3205"},"modified":"2026-04-19T14:33:01","modified_gmt":"2026-04-19T17:33:01","slug":"eva-808-patcher-plugin","status":"publish","type":"product","link":"https:\/\/morabeats.com\/en\/product\/eva-808-patcher-plugin\/","title":{"rendered":"EVA-808 (Patcher Plugin)"},"content":{"rendered":"<p>El Plugin EVA-808 es un dispositivo de procesamiento de audio hecho en Patcher (Exclusivo de FL Studio) dise\u00f1ado para resaltar frecuencias graves y agudas usando diferentes t\u00e9cnicas en cada caso al controlar las 3 bandas por separado (Graves, Medios, y Agudos).<\/p>\n<p>No se necesita ning\u00fan plugin externo pero s\u00ed es necesario contar con algunos plugins Nativos de las versiones m\u00e1s nuevas de FL Studio como Low Lifter y Frequency Splitter.<\/p>\n<p>Hecho en FL Studio 2025<\/p>\n<p>\ud83c\udf9b\ufe0f <em><strong>Controles:<\/strong><\/em><\/p>\n<p><strong>Sub:<\/strong> le da m\u00e1s low end \/subs. Tambi\u00e9n sirve para \u00abactivar\u00bb mejor el efecto cuando se env\u00eda el 808 a un bus de distorsi\u00f3n como se muestra en el tutorial<\/p>\n<p><strong>Grit:<\/strong> m\u00e1s saturaci\u00f3n \/ distorsi\u00f3n en medios y agudos para que el 808 tenga m\u00e1s presencia y se escuche mejor en cualquier dispositivo<\/p>\n<p><strong>Mild distortion &#8211; Saturation:<\/strong> La misma idea que el control Grit pero mucho m\u00e1s acotado en intensidad y frecuencias (solo en algunas pocas frecuencias medias, pensado para editar manualmente la curva del Wave Shaper)<\/p>\n<p><strong>Distortion:<\/strong> Distorsi\u00f3n mucho m\u00e1s agresiva en agudos para darle un tono potente a cualquier 808, se puede acentuar a\u00fan m\u00e1s cambiando el preset del Fruity Fast Dist de \u00abA\u00bb a \u00abB\u00bb<\/p>\n<p>&#8211;<\/p>\n<p>Instagram: @morabeats<\/p>\n<p>Youtube:\u00a0 <a href=\"https:\/\/www.youtube.com\/@moramusic\">https:\/\/www.youtube.com\/@moramusic<\/a><\/p>\n<p>Youtube Video de este plugin:<\/p>\n<p><iframe loading=\"lazy\" title=\"Este PLUGIN est\u00e1 INFRAVALORADO\" width=\"500\" height=\"281\" src=\"https:\/\/www.youtube.com\/embed\/sTPb0v0TT5U?feature=oembed\" frameborder=\"0\" allow=\"accelerometer; autoplay; clipboard-write; encrypted-media; gyroscope; picture-in-picture; web-share\" referrerpolicy=\"strict-origin-when-cross-origin\" allowfullscreen><\/iframe><\/p>\n<p><a href=\"http:\/\/linktr.ee\/morabeats\">linktr.ee\/morabeats<\/a><\/p>","protected":false},"excerpt":{"rendered":"<p>EVA-808 Patcher Plugin for FL Studio 2025<\/p>","protected":false},"featured_media":3206,"template":"","meta":{"_crdt_document":"","_uag_custom_page_level_css":"","site-sidebar-layout":"default","site-content-layout":"","ast-site-content-layout":"default","site-content-style":"default","site-sidebar-style":"default","ast-global-header-display":"","ast-banner-title-visibility":"","ast-main-header-display":"","ast-hfb-above-header-display":"","ast-hfb-below-header-display":"","ast-hfb-mobile-header-display":"","site-post-title":"","ast-breadcrumbs-content":"","ast-featured-img":"","footer-sml-layout":"","theme-transparent-header-meta":"default","adv-header-id-meta":"","stick-header-meta":"","header-above-stick-meta":"","header-main-stick-meta":"","header-below-stick-meta":"","astra-migrate-meta-layouts":"set","ast-page-background-enabled":"default","ast-page-background-meta":{"desktop":{"background-color":"","background-image":"","background-repeat":"repeat","background-position":"center center","background-size":"auto","background-attachment":"scroll","background-type":"","background-media":"","overlay-type":"","overlay-color":"","overlay-opacity":"","overlay-gradient":""},"tablet":{"background-color":"","background-image":"","background-repeat":"repeat","background-position":"center center","background-size":"auto","background-attachment":"scroll","background-type":"","background-media":"","overlay-type":"","overlay-color":"","overlay-opacity":"","overlay-gradient":""},"mobile":{"background-color":"","background-image":"","background-repeat":"repeat","background-position":"center center","background-size":"auto","background-attachment":"scroll","background-type":"","background-media":"","overlay-type":"","overlay-color":"","overlay-opacity":"","overlay-gradient":""}},"ast-content-background-meta":{"desktop":{"background-color":"var(--ast-global-color-5)","background-image":"","background-repeat":"repeat","background-position":"center center","background-size":"auto","background-attachment":"scroll","background-type":"","background-media":"","overlay-type":"","overlay-color":"","overlay-opacity":"","overlay-gradient":""},"tablet":{"background-color":"var(--ast-global-color-5)","background-image":"","background-repeat":"repeat","background-position":"center center","background-size":"auto","background-attachment":"scroll","background-type":"","background-media":"","overlay-type":"","overlay-color":"","overlay-opacity":"","overlay-gradient":""},"mobile":{"background-color":"var(--ast-global-color-5)","background-image":"","background-repeat":"repeat","background-position":"center center","background-size":"auto","background-attachment":"scroll","background-type":"","background-media":"","overlay-type":"","overlay-color":"","overlay-opacity":"","overlay-gradient":""}}},"product_brand":[],"product_cat":[1418],"product_tag":[],"class_list":{"0":"post-3205","1":"product","2":"type-product","3":"status-publish","4":"has-post-thumbnail","6":"product_cat-plugins","7":"desktop-align-left","8":"tablet-align-left","9":"mobile-align-left","11":"first","12":"instock","13":"downloadable","14":"virtual","15":"purchasable","16":"product-type-simple"},"yoast_head":"<!-- This site is optimized with the Yoast SEO plugin v27.4 - https:\/\/yoast.com\/product\/yoast-seo-wordpress\/ -->\n<title>EVA-808 (Patcher Plugin) - Morabeats | Producci\u00f3n musical<\/title>\n<meta name=\"description\" content=\"EVA-808 Patcher Plugin for FL Studio 2025. Uses Low Lifter, Frequency Splitter, Wave Shaper, Fruity Fast Dist. All Native plugins.\" \/>\n<meta name=\"robots\" content=\"index, follow, max-snippet:-1, max-image-preview:large, max-video-preview:-1\" \/>\n<link rel=\"canonical\" href=\"https:\/\/morabeats.com\/en\/product\/eva-808-patcher-plugin\/\" \/>\n<meta property=\"og:locale\" content=\"en_US\" \/>\n<meta property=\"og:type\" content=\"article\" \/>\n<meta property=\"og:title\" content=\"EVA-808 (Patcher Plugin) - Morabeats | Producci\u00f3n musical\" \/>\n<meta property=\"og:description\" content=\"EVA-808 Patcher Plugin for FL Studio 2025. Uses Low Lifter, Frequency Splitter, Wave Shaper, Fruity Fast Dist. All Native plugins.\" \/>\n<meta property=\"og:url\" content=\"https:\/\/morabeats.com\/en\/product\/eva-808-patcher-plugin\/\" \/>\n<meta property=\"og:site_name\" content=\"Morabeats | Producci\u00f3n musical\" \/>\n<meta property=\"article:publisher\" content=\"https:\/\/www.facebook.com\/morabeats\" \/>\n<meta property=\"article:modified_time\" content=\"2026-04-19T17:33:01+00:00\" \/>\n<meta property=\"og:image\" content=\"https:\/\/morabeats.com\/wp-content\/uploads\/2026\/04\/Screenshot_58.jpg\" \/>\n\t<meta property=\"og:image:width\" content=\"611\" \/>\n\t<meta property=\"og:image:height\" content=\"534\" \/>\n\t<meta property=\"og:image:type\" content=\"image\/jpeg\" \/>\n<meta name=\"twitter:card\" content=\"summary_large_image\" \/>\n<meta name=\"twitter:site\" content=\"@morabeats\" \/>\n<meta name=\"twitter:label1\" content=\"Est. reading time\" \/>\n\t<meta name=\"twitter:data1\" content=\"2 minutes\" \/>\n<script type=\"application\/ld+json\" class=\"yoast-schema-graph\">{\"@context\":\"https:\\\/\\\/schema.org\",\"@graph\":[{\"@type\":\"WebPage\",\"@id\":\"https:\\\/\\\/morabeats.com\\\/producto\\\/eva-808-patcher-plugin\\\/\",\"url\":\"https:\\\/\\\/morabeats.com\\\/producto\\\/eva-808-patcher-plugin\\\/\",\"name\":\"EVA-808 (Patcher Plugin) - Morabeats | Producci\u00f3n musical\",\"isPartOf\":{\"@id\":\"https:\\\/\\\/morabeats.com\\\/#website\"},\"primaryImageOfPage\":{\"@id\":\"https:\\\/\\\/morabeats.com\\\/producto\\\/eva-808-patcher-plugin\\\/#primaryimage\"},\"image\":{\"@id\":\"https:\\\/\\\/morabeats.com\\\/producto\\\/eva-808-patcher-plugin\\\/#primaryimage\"},\"thumbnailUrl\":\"https:\\\/\\\/morabeats.com\\\/wp-content\\\/uploads\\\/2026\\\/04\\\/Screenshot_58.jpg\",\"datePublished\":\"2026-04-19T13:29:41+00:00\",\"dateModified\":\"2026-04-19T17:33:01+00:00\",\"description\":\"EVA-808 Patcher Plugin for FL Studio 2025. Uses Low Lifter, Frequency Splitter, Wave Shaper, Fruity Fast Dist. All Native plugins.\",\"breadcrumb\":{\"@id\":\"https:\\\/\\\/morabeats.com\\\/producto\\\/eva-808-patcher-plugin\\\/#breadcrumb\"},\"inLanguage\":\"en-US\",\"potentialAction\":[{\"@type\":\"ReadAction\",\"target\":[\"https:\\\/\\\/morabeats.com\\\/producto\\\/eva-808-patcher-plugin\\\/\"]}]},{\"@type\":\"ImageObject\",\"inLanguage\":\"en-US\",\"@id\":\"https:\\\/\\\/morabeats.com\\\/producto\\\/eva-808-patcher-plugin\\\/#primaryimage\",\"url\":\"https:\\\/\\\/morabeats.com\\\/wp-content\\\/uploads\\\/2026\\\/04\\\/Screenshot_58.jpg\",\"contentUrl\":\"https:\\\/\\\/morabeats.com\\\/wp-content\\\/uploads\\\/2026\\\/04\\\/Screenshot_58.jpg\",\"width\":611,\"height\":534,\"caption\":\"EVA-808 Plugin\"},{\"@type\":\"BreadcrumbList\",\"@id\":\"https:\\\/\\\/morabeats.com\\\/producto\\\/eva-808-patcher-plugin\\\/#breadcrumb\",\"itemListElement\":[{\"@type\":\"ListItem\",\"position\":1,\"name\":\"Portada\",\"item\":\"https:\\\/\\\/morabeats.com\\\/\"},{\"@type\":\"ListItem\",\"position\":2,\"name\":\"Shop\",\"item\":\"https:\\\/\\\/morabeats.com\\\/categoria-producto-beats\\\/\"},{\"@type\":\"ListItem\",\"position\":3,\"name\":\"EVA-808 (Patcher Plugin)\"}]},{\"@type\":\"WebSite\",\"@id\":\"https:\\\/\\\/morabeats.com\\\/#website\",\"url\":\"https:\\\/\\\/morabeats.com\\\/\",\"name\":\"morabeats | Productor musical\",\"description\":\"Producci\u00f3n musical \u2013 Venta de beats \u2013 Drumkits \u2013 Sample packs \u2013 Dise\u00f1o de portadas\",\"publisher\":{\"@id\":\"https:\\\/\\\/morabeats.com\\\/#\\\/schema\\\/person\\\/b66d98ed9d9a5a7c69b78f095797577e\"},\"alternateName\":\"morabeats\",\"potentialAction\":[{\"@type\":\"SearchAction\",\"target\":{\"@type\":\"EntryPoint\",\"urlTemplate\":\"https:\\\/\\\/morabeats.com\\\/?s={search_term_string}\"},\"query-input\":{\"@type\":\"PropertyValueSpecification\",\"valueRequired\":true,\"valueName\":\"search_term_string\"}}],\"inLanguage\":\"en-US\"},{\"@type\":[\"Person\",\"Organization\"],\"@id\":\"https:\\\/\\\/morabeats.com\\\/#\\\/schema\\\/person\\\/b66d98ed9d9a5a7c69b78f095797577e\",\"name\":\"morabeats\",\"image\":{\"@type\":\"ImageObject\",\"inLanguage\":\"en-US\",\"@id\":\"https:\\\/\\\/morabeats.com\\\/wp-content\\\/uploads\\\/2021\\\/02\\\/cropped-cropped-logo-moracircular.png\",\"url\":\"https:\\\/\\\/morabeats.com\\\/wp-content\\\/uploads\\\/2021\\\/02\\\/cropped-cropped-logo-moracircular.png\",\"contentUrl\":\"https:\\\/\\\/morabeats.com\\\/wp-content\\\/uploads\\\/2021\\\/02\\\/cropped-cropped-logo-moracircular.png\",\"width\":512,\"height\":512,\"caption\":\"morabeats\"},\"logo\":{\"@id\":\"https:\\\/\\\/morabeats.com\\\/wp-content\\\/uploads\\\/2021\\\/02\\\/cropped-cropped-logo-moracircular.png\"},\"sameAs\":[\"http:\\\/\\\/morabeats.com\",\"https:\\\/\\\/www.facebook.com\\\/morabeats\",\"https:\\\/\\\/www.instagram.com\\\/morabeats\\\/\",\"https:\\\/\\\/x.com\\\/https:\\\/\\\/twitter.com\\\/morabeats\",\"https:\\\/\\\/www.youtube.com\\\/moramusic\",\"https:\\\/\\\/soundcloud.com\\\/morabeats\"]}]}<\/script>\n<!-- \/ Yoast SEO plugin. -->","yoast_head_json":{"title":"EVA-808 (Patcher Plugin) - Morabeats | Producci\u00f3n musical","description":"EVA-808 Patcher Plugin for FL Studio 2025. Uses Low Lifter, Frequency Splitter, Wave Shaper, Fruity Fast Dist. All Native plugins.","robots":{"index":"index","follow":"follow","max-snippet":"max-snippet:-1","max-image-preview":"max-image-preview:large","max-video-preview":"max-video-preview:-1"},"canonical":"https:\/\/morabeats.com\/en\/product\/eva-808-patcher-plugin\/","og_locale":"en_US","og_type":"article","og_title":"EVA-808 (Patcher Plugin) - Morabeats | Producci\u00f3n musical","og_description":"EVA-808 Patcher Plugin for FL Studio 2025. Uses Low Lifter, Frequency Splitter, Wave Shaper, Fruity Fast Dist. All Native plugins.","og_url":"https:\/\/morabeats.com\/en\/product\/eva-808-patcher-plugin\/","og_site_name":"Morabeats | Producci\u00f3n musical","article_publisher":"https:\/\/www.facebook.com\/morabeats","article_modified_time":"2026-04-19T17:33:01+00:00","og_image":[{"width":611,"height":534,"url":"https:\/\/morabeats.com\/wp-content\/uploads\/2026\/04\/Screenshot_58.jpg","type":"image\/jpeg"}],"twitter_card":"summary_large_image","twitter_site":"@morabeats","twitter_misc":{"Est. reading time":"2 minutes"},"schema":{"@context":"https:\/\/schema.org","@graph":[{"@type":"WebPage","@id":"https:\/\/morabeats.com\/producto\/eva-808-patcher-plugin\/","url":"https:\/\/morabeats.com\/producto\/eva-808-patcher-plugin\/","name":"EVA-808 (Patcher Plugin) - Morabeats | Producci\u00f3n musical","isPartOf":{"@id":"https:\/\/morabeats.com\/#website"},"primaryImageOfPage":{"@id":"https:\/\/morabeats.com\/producto\/eva-808-patcher-plugin\/#primaryimage"},"image":{"@id":"https:\/\/morabeats.com\/producto\/eva-808-patcher-plugin\/#primaryimage"},"thumbnailUrl":"https:\/\/morabeats.com\/wp-content\/uploads\/2026\/04\/Screenshot_58.jpg","datePublished":"2026-04-19T13:29:41+00:00","dateModified":"2026-04-19T17:33:01+00:00","description":"EVA-808 Patcher Plugin for FL Studio 2025. Uses Low Lifter, Frequency Splitter, Wave Shaper, Fruity Fast Dist. All Native plugins.","breadcrumb":{"@id":"https:\/\/morabeats.com\/producto\/eva-808-patcher-plugin\/#breadcrumb"},"inLanguage":"en-US","potentialAction":[{"@type":"ReadAction","target":["https:\/\/morabeats.com\/producto\/eva-808-patcher-plugin\/"]}]},{"@type":"ImageObject","inLanguage":"en-US","@id":"https:\/\/morabeats.com\/producto\/eva-808-patcher-plugin\/#primaryimage","url":"https:\/\/morabeats.com\/wp-content\/uploads\/2026\/04\/Screenshot_58.jpg","contentUrl":"https:\/\/morabeats.com\/wp-content\/uploads\/2026\/04\/Screenshot_58.jpg","width":611,"height":534,"caption":"EVA-808 Plugin"},{"@type":"BreadcrumbList","@id":"https:\/\/morabeats.com\/producto\/eva-808-patcher-plugin\/#breadcrumb","itemListElement":[{"@type":"ListItem","position":1,"name":"Portada","item":"https:\/\/morabeats.com\/"},{"@type":"ListItem","position":2,"name":"Shop","item":"https:\/\/morabeats.com\/categoria-producto-beats\/"},{"@type":"ListItem","position":3,"name":"EVA-808 (Patcher Plugin)"}]},{"@type":"WebSite","@id":"https:\/\/morabeats.com\/#website","url":"https:\/\/morabeats.com\/","name":"morabeats | Music producer","description":"Music production - Beats for sale - Drumkits - Sample packs - Artwork design","publisher":{"@id":"https:\/\/morabeats.com\/#\/schema\/person\/b66d98ed9d9a5a7c69b78f095797577e"},"alternateName":"morabeats","potentialAction":[{"@type":"SearchAction","target":{"@type":"EntryPoint","urlTemplate":"https:\/\/morabeats.com\/?s={search_term_string}"},"query-input":{"@type":"PropertyValueSpecification","valueRequired":true,"valueName":"search_term_string"}}],"inLanguage":"en-US"},{"@type":["Person","Organization"],"@id":"https:\/\/morabeats.com\/#\/schema\/person\/b66d98ed9d9a5a7c69b78f095797577e","name":"morabeats","image":{"@type":"ImageObject","inLanguage":"en-US","@id":"https:\/\/morabeats.com\/wp-content\/uploads\/2021\/02\/cropped-cropped-logo-moracircular.png","url":"https:\/\/morabeats.com\/wp-content\/uploads\/2021\/02\/cropped-cropped-logo-moracircular.png","contentUrl":"https:\/\/morabeats.com\/wp-content\/uploads\/2021\/02\/cropped-cropped-logo-moracircular.png","width":512,"height":512,"caption":"morabeats"},"logo":{"@id":"https:\/\/morabeats.com\/wp-content\/uploads\/2021\/02\/cropped-cropped-logo-moracircular.png"},"sameAs":["http:\/\/morabeats.com","https:\/\/www.facebook.com\/morabeats","https:\/\/www.instagram.com\/morabeats\/","https:\/\/x.com\/https:\/\/twitter.com\/morabeats","https:\/\/www.youtube.com\/moramusic","https:\/\/soundcloud.com\/morabeats"]}]}},"uagb_featured_image_src":{"full":["https:\/\/morabeats.com\/wp-content\/uploads\/2026\/04\/Screenshot_58.jpg",611,534,false],"thumbnail":["https:\/\/morabeats.com\/wp-content\/uploads\/2026\/04\/Screenshot_58-150x150.jpg",150,150,true],"medium":["https:\/\/morabeats.com\/wp-content\/uploads\/2026\/04\/Screenshot_58-300x262.jpg",300,262,true],"medium_large":["https:\/\/morabeats.com\/wp-content\/uploads\/2026\/04\/Screenshot_58.jpg",611,534,false],"large":["https:\/\/morabeats.com\/wp-content\/uploads\/2026\/04\/Screenshot_58.jpg",611,534,false],"1536x1536":["https:\/\/morabeats.com\/wp-content\/uploads\/2026\/04\/Screenshot_58.jpg",611,534,false],"2048x2048":["https:\/\/morabeats.com\/wp-content\/uploads\/2026\/04\/Screenshot_58.jpg",611,534,false],"trp-custom-language-flag":["https:\/\/morabeats.com\/wp-content\/uploads\/2026\/04\/Screenshot_58-14x12.jpg",14,12,true],"woocommerce_thumbnail":["https:\/\/morabeats.com\/wp-content\/uploads\/2026\/04\/Screenshot_58-300x300.jpg",300,300,true],"woocommerce_single":["https:\/\/morabeats.com\/wp-content\/uploads\/2026\/04\/Screenshot_58-600x524.jpg",600,524,true],"woocommerce_gallery_thumbnail":["https:\/\/morabeats.com\/wp-content\/uploads\/2026\/04\/Screenshot_58-100x100.jpg",100,100,true],"dgwt-wcas-product-suggestion":["https:\/\/morabeats.com\/wp-content\/uploads\/2026\/04\/Screenshot_58-64x56.jpg",64,56,true]},"uagb_author_info":{"display_name":"morabeats","author_link":"https:\/\/morabeats.com\/en\/author\/"},"uagb_comment_info":0,"uagb_excerpt":"EVA-808 Patcher Plugin for FL Studio 2025","_links":{"self":[{"href":"https:\/\/morabeats.com\/en\/wp-json\/wp\/v2\/product\/3205","targetHints":{"allow":["GET"]}}],"collection":[{"href":"https:\/\/morabeats.com\/en\/wp-json\/wp\/v2\/product"}],"about":[{"href":"https:\/\/morabeats.com\/en\/wp-json\/wp\/v2\/types\/product"}],"wp:featuredmedia":[{"embeddable":true,"href":"https:\/\/morabeats.com\/en\/wp-json\/wp\/v2\/media\/3206"}],"wp:attachment":[{"href":"https:\/\/morabeats.com\/en\/wp-json\/wp\/v2\/media?parent=3205"}],"wp:term":[{"taxonomy":"product_brand","embeddable":true,"href":"https:\/\/morabeats.com\/en\/wp-json\/wp\/v2\/product_brand?post=3205"},{"taxonomy":"product_cat","embeddable":true,"href":"https:\/\/morabeats.com\/en\/wp-json\/wp\/v2\/product_cat?post=3205"},{"taxonomy":"product_tag","embeddable":true,"href":"https:\/\/morabeats.com\/en\/wp-json\/wp\/v2\/product_tag?post=3205"}],"curies":[{"name":"wp","href":"https:\/\/api.w.org\/{rel}","templated":true}]}}